{"id":1942,"date":"2024-08-28T10:01:20","date_gmt":"2024-08-28T07:01:20","guid":{"rendered":"https:\/\/alasevtekstil.com\/urun\/baby-alt-bakim-cantasi-pembe\/"},"modified":"2024-09-23T18:25:28","modified_gmt":"2024-09-23T15:25:28","slug":"baby-portable-diaper-care-bag-pink","status":"publish","type":"product","link":"https:\/\/alasevtekstil.com\/en\/urun\/baby-portable-diaper-care-bag-pink\/","title":{"rendered":"Baby Portable Diaper Care Bag Pink"},"content":{"rendered":"<p>\u0130ster k\u0131sa gezilerde, ister uzun yolculuklarda, her zaman d\u00fczenli ve haz\u0131rl\u0131kl\u0131 olman\u0131z\u0131 sa\u011flar. Bebek bezi, \u0131slak mendil, krem gibi bebe\u011finizin ihtiya\u00e7lar\u0131n\u0131 her an kar\u015f\u0131laman\u0131z\u0131 kolayla\u015ft\u0131r\u0131rken, \u015f\u0131kl\u0131\u011f\u0131n\u0131z\u0131 da tamamlar. tamamlar. Gitti\u011finiz her yerde bebe\u011finizin e\u015fyalar\u0131n\u0131z\u0131 d\u00fczenli bir \u015fekilde ta\u015f\u0131mak ve bebe\u011finizin konforunu sa\u011flaman\u0131za yard\u0131mc\u0131 olur.<\/p>\n","protected":false},"excerpt":{"rendered":"<p>Functional bag that collects the supplies you need when changing your baby&#8217;s diaper.<br \/>\nDimension: 24&#215;40 cm<\/p>\n","protected":false},"featured_media":1944,"template":"","meta":[],"product_brand":[],"product_cat":[47],"product_tag":[],"class_list":{"0":"post-1942","1":"product","2":"type-product","3":"status-publish","4":"has-post-thumbnail","6":"product_cat-baby-and-child-en","8":"first","9":"instock","10":"shipping-taxable","11":"product-type-simple"},"_links":{"self":[{"href":"https:\/\/alasevtekstil.com\/en\/wp-json\/wp\/v2\/product\/1942","targetHints":{"allow":["GET"]}}],"collection":[{"href":"https:\/\/alasevtekstil.com\/en\/wp-json\/wp\/v2\/product"}],"about":[{"href":"https:\/\/alasevtekstil.com\/en\/wp-json\/wp\/v2\/types\/product"}],"wp:featuredmedia":[{"embeddable":true,"href":"https:\/\/alasevtekstil.com\/en\/wp-json\/wp\/v2\/media\/1944"}],"wp:attachment":[{"href":"https:\/\/alasevtekstil.com\/en\/wp-json\/wp\/v2\/media?parent=1942"}],"wp:term":[{"taxonomy":"product_brand","embeddable":true,"href":"https:\/\/alasevtekstil.com\/en\/wp-json\/wp\/v2\/product_brand?post=1942"},{"taxonomy":"product_cat","embeddable":true,"href":"https:\/\/alasevtekstil.com\/en\/wp-json\/wp\/v2\/product_cat?post=1942"},{"taxonomy":"product_tag","embeddable":true,"href":"https:\/\/alasevtekstil.com\/en\/wp-json\/wp\/v2\/product_tag?post=1942"}],"curies":[{"name":"wp","href":"https:\/\/api.w.org\/{rel}","templated":true}]}}