{"id":1908,"date":"2024-07-10T02:50:18","date_gmt":"2024-07-09T23:50:18","guid":{"rendered":"https:\/\/alasevtekstil.com\/urun\/baby-akordiyon-duzenleyici-l-p\/"},"modified":"2024-09-23T17:01:40","modified_gmt":"2024-09-23T14:01:40","slug":"baby-drawer-organizer-divider-pink-l","status":"publish","type":"product","link":"https:\/\/alasevtekstil.com\/en\/urun\/baby-drawer-organizer-divider-pink-l\/","title":{"rendered":"Baby Drawer Organizer Divider Pink &#8211;  L"},"content":{"rendered":"<p>Birden fazla b\u00f6lme i\u00e7eren bu d\u00fczenleyici, bebek bezlerinden giysilere, oyuncaklardan k\u00fc\u00e7\u00fck bebek aksesuarlar\u0131na kadar bir\u00e7ok e\u015fyay\u0131 d\u00fczenli bir \u015fekilde saklaman\u0131za olanak tan\u0131r. Hafif ve ta\u015f\u0131nabilir yap\u0131s\u0131yla evde, arabada veya seyahatte rahat\u00e7a kullan\u0131labilir. Modern ve zarif tasar\u0131m\u0131, hem i\u015flevsellik hem de estetik a\u00e7\u0131dan her bebek odas\u0131na uyum sa\u011flar.<\/p>\n","protected":false},"excerpt":{"rendered":"<p>It allows you to organize your babies&#8217; belongings.<br \/>\nDimension: 24x37x18 cm<\/p>\n","protected":false},"featured_media":679,"template":"","meta":[],"product_brand":[],"product_cat":[47],"product_tag":[],"class_list":{"0":"post-1908","1":"product","2":"type-product","3":"status-publish","4":"has-post-thumbnail","6":"product_cat-baby-and-child-en","8":"first","9":"instock","10":"shipping-taxable","11":"product-type-simple"},"_links":{"self":[{"href":"https:\/\/alasevtekstil.com\/en\/wp-json\/wp\/v2\/product\/1908","targetHints":{"allow":["GET"]}}],"collection":[{"href":"https:\/\/alasevtekstil.com\/en\/wp-json\/wp\/v2\/product"}],"about":[{"href":"https:\/\/alasevtekstil.com\/en\/wp-json\/wp\/v2\/types\/product"}],"wp:featuredmedia":[{"embeddable":true,"href":"https:\/\/alasevtekstil.com\/en\/wp-json\/wp\/v2\/media\/679"}],"wp:attachment":[{"href":"https:\/\/alasevtekstil.com\/en\/wp-json\/wp\/v2\/media?parent=1908"}],"wp:term":[{"taxonomy":"product_brand","embeddable":true,"href":"https:\/\/alasevtekstil.com\/en\/wp-json\/wp\/v2\/product_brand?post=1908"},{"taxonomy":"product_cat","embeddable":true,"href":"https:\/\/alasevtekstil.com\/en\/wp-json\/wp\/v2\/product_cat?post=1908"},{"taxonomy":"product_tag","embeddable":true,"href":"https:\/\/alasevtekstil.com\/en\/wp-json\/wp\/v2\/product_tag?post=1908"}],"curies":[{"name":"wp","href":"https:\/\/api.w.org\/{rel}","templated":true}]}}