{"id":1898,"date":"2024-08-23T17:56:18","date_gmt":"2024-08-23T14:56:18","guid":{"rendered":"https:\/\/alasevtekstil.com\/urun\/derili-6li-bavul-seyahat-canta-gri\/"},"modified":"2024-09-23T16:06:54","modified_gmt":"2024-09-23T13:06:54","slug":"felt-style-shoes-bag-with-leather-handle-gray","status":"publish","type":"product","link":"https:\/\/alasevtekstil.com\/en\/urun\/felt-style-shoes-bag-with-leather-handle-gray\/","title":{"rendered":"Felt Style Shoes Bag with Leather Handle Gray"},"content":{"rendered":"<p>Seyahat ederken e\u015fyalar\u0131n\u0131z\u0131 d\u00fczenli ve kolay eri\u015filebilir tutmak i\u00e7in m\u00fckemmel bir \u00e7\u00f6z\u00fcm sunar. K\u0131yafetlerinizden aksesuarlar\u0131n\u0131za kadar her \u015feyi organize etmenize yard\u0131mc\u0131 olur. Dayan\u0131kl\u0131 ve hafif yap\u0131s\u0131yla, bavulunuzda yer kaplamadan maksimum d\u00fczen sa\u011flar. Farkl\u0131 boyutlardaki b\u00f6lmeleri sayesinde k\u0131yafetlerinizi k\u0131r\u0131\u015fmadan yerle\u015ftirebilir, k\u00fc\u00e7\u00fck e\u015fyalar\u0131n\u0131z\u0131 kaybetmeden d\u00fczenli bir \u015fekilde ta\u015f\u0131yabilirsiniz.<\/p>\n","protected":false},"excerpt":{"rendered":"<p>It protects your shoes from all kinds of external factors. It can be carried either by hand or by hanging it in a suitcase.<br \/>\nDimension:<br \/>\nCloth Bag- L: 36x13x27 cm<br \/>\nCloth Bag- M: 30x13x20 cm<br \/>\nCloth Bag- S: 24x13x18 cm<br \/>\nLaundry Pouch- L: 33&#215;23 cm<br \/>\nLaundry Pouch- M: 25,5&#215;21 cm<br \/>\nLaundry Pouch- S: 18&#215;14,5 cm<\/p>\n","protected":false},"featured_media":804,"template":"","meta":[],"product_brand":[],"product_cat":[61,62],"product_tag":[],"class_list":{"0":"post-1898","1":"product","2":"type-product","3":"status-publish","4":"has-post-thumbnail","6":"product_cat-bags-en","7":"product_cat-travel-en","9":"first","10":"instock","11":"shipping-taxable","12":"product-type-simple"},"_links":{"self":[{"href":"https:\/\/alasevtekstil.com\/en\/wp-json\/wp\/v2\/product\/1898","targetHints":{"allow":["GET"]}}],"collection":[{"href":"https:\/\/alasevtekstil.com\/en\/wp-json\/wp\/v2\/product"}],"about":[{"href":"https:\/\/alasevtekstil.com\/en\/wp-json\/wp\/v2\/types\/product"}],"wp:featuredmedia":[{"embeddable":true,"href":"https:\/\/alasevtekstil.com\/en\/wp-json\/wp\/v2\/media\/804"}],"wp:attachment":[{"href":"https:\/\/alasevtekstil.com\/en\/wp-json\/wp\/v2\/media?parent=1898"}],"wp:term":[{"taxonomy":"product_brand","embeddable":true,"href":"https:\/\/alasevtekstil.com\/en\/wp-json\/wp\/v2\/product_brand?post=1898"},{"taxonomy":"product_cat","embeddable":true,"href":"https:\/\/alasevtekstil.com\/en\/wp-json\/wp\/v2\/product_cat?post=1898"},{"taxonomy":"product_tag","embeddable":true,"href":"https:\/\/alasevtekstil.com\/en\/wp-json\/wp\/v2\/product_tag?post=1898"}],"curies":[{"name":"wp","href":"https:\/\/api.w.org\/{rel}","templated":true}]}}