{"id":1896,"date":"2024-08-28T09:25:49","date_gmt":"2024-08-28T06:25:49","guid":{"rendered":"https:\/\/alasevtekstil.com\/urun\/derili-3-gozlu-canta-gri\/"},"modified":"2024-09-23T16:02:03","modified_gmt":"2024-09-23T13:02:03","slug":"felt-style-caddy-bag-with-leather-handle-gray","status":"publish","type":"product","link":"https:\/\/alasevtekstil.com\/en\/urun\/felt-style-caddy-bag-with-leather-handle-gray\/","title":{"rendered":"Felt Style Caddy Bag with Leather Handle Gray"},"content":{"rendered":"<p>Evde, ofisde ve seyahatlerinizde farkl\u0131 boyutlardaki e\u015fyalar\u0131n\u0131z\u0131 d\u00fczenli bir \u015fekilde saklayabilece\u011finiz \u00fc\u00e7 ayr\u0131 b\u00f6lmesi ile g\u00fcnl\u00fck ya\u015fam\u0131n\u0131zda hem i\u015flevselli\u011fi hem de \u015f\u0131kl\u0131\u011f\u0131 bir araya getiren, kullanmad\u0131\u011f\u0131n\u0131z zamanlarda kolayca katlanarak saklayabilece\u011finiz pratik \u00e7anta.<\/p>\n","protected":false},"excerpt":{"rendered":"<p>It helps you organize your belongings at home and office.<br \/>\nDimension: 33x24x19 cm<\/p>\n","protected":false},"featured_media":833,"template":"","meta":[],"product_brand":[],"product_cat":[61],"product_tag":[],"class_list":{"0":"post-1896","1":"product","2":"type-product","3":"status-publish","4":"has-post-thumbnail","6":"product_cat-bags-en","8":"first","9":"instock","10":"shipping-taxable","11":"product-type-simple"},"_links":{"self":[{"href":"https:\/\/alasevtekstil.com\/en\/wp-json\/wp\/v2\/product\/1896","targetHints":{"allow":["GET"]}}],"collection":[{"href":"https:\/\/alasevtekstil.com\/en\/wp-json\/wp\/v2\/product"}],"about":[{"href":"https:\/\/alasevtekstil.com\/en\/wp-json\/wp\/v2\/types\/product"}],"wp:featuredmedia":[{"embeddable":true,"href":"https:\/\/alasevtekstil.com\/en\/wp-json\/wp\/v2\/media\/833"}],"wp:attachment":[{"href":"https:\/\/alasevtekstil.com\/en\/wp-json\/wp\/v2\/media?parent=1896"}],"wp:term":[{"taxonomy":"product_brand","embeddable":true,"href":"https:\/\/alasevtekstil.com\/en\/wp-json\/wp\/v2\/product_brand?post=1896"},{"taxonomy":"product_cat","embeddable":true,"href":"https:\/\/alasevtekstil.com\/en\/wp-json\/wp\/v2\/product_cat?post=1896"},{"taxonomy":"product_tag","embeddable":true,"href":"https:\/\/alasevtekstil.com\/en\/wp-json\/wp\/v2\/product_tag?post=1896"}],"curies":[{"name":"wp","href":"https:\/\/api.w.org\/{rel}","templated":true}]}}