{"id":1796,"date":"2024-08-29T11:26:34","date_gmt":"2024-08-29T08:26:34","guid":{"rendered":"https:\/\/alasevtekstil.com\/urun\/maxi-yorgan-hurcu\/"},"modified":"2024-09-20T11:24:32","modified_gmt":"2024-09-20T08:24:32","slug":"pillow-storage-bag-maxi-size","status":"publish","type":"product","link":"https:\/\/alasevtekstil.com\/en\/urun\/pillow-storage-bag-maxi-size\/","title":{"rendered":"Pillow Storage Bag Maxi Size"},"content":{"rendered":"<p><span style=\"font-size: 85%;\">Bu geni\u015f hacimli hur\u00e7, \u00f6zellikle mevsim ge\u00e7i\u015flerinde evinizdeki fazla, giysi ve di\u011fer e\u015fyalar\u0131 d\u00fczenli ve g\u00fcvenli bir \u015fekilde saklaman\u0131z\u0131 sa\u011flar. Fermuarl\u0131 kapan\u0131\u015f ile i\u00e7indeki e\u015fyalar\u0131n\u0131z\u0131 tozdan, kirden ve nemden korur. \u00dcr\u00fcn hafiftir. yandaki kulplar\u0131yla kolayca ta\u015f\u0131nabilir.\u00a0 Katlanabilir \u00f6zelli\u011fi ile kullan\u0131lmad\u0131\u011f\u0131n\u0131z zamanlarda yer kaplamaz, kolayca saklanabilir.<\/span><\/p>\n","protected":false},"excerpt":{"rendered":"<p><span style=\"font-size: 85%;\">It helps you store your belongings in a safe, practical and organized way.<br \/>\nDimension: 75x40x40 cm<\/span><\/p>\n","protected":false},"featured_media":867,"template":"","meta":[],"product_brand":[],"product_cat":[57],"product_tag":[],"class_list":{"0":"post-1796","1":"product","2":"type-product","3":"status-publish","4":"has-post-thumbnail","6":"product_cat-storage-bag-en","8":"first","9":"instock","10":"shipping-taxable","11":"product-type-simple"},"_links":{"self":[{"href":"https:\/\/alasevtekstil.com\/en\/wp-json\/wp\/v2\/product\/1796","targetHints":{"allow":["GET"]}}],"collection":[{"href":"https:\/\/alasevtekstil.com\/en\/wp-json\/wp\/v2\/product"}],"about":[{"href":"https:\/\/alasevtekstil.com\/en\/wp-json\/wp\/v2\/types\/product"}],"wp:featuredmedia":[{"embeddable":true,"href":"https:\/\/alasevtekstil.com\/en\/wp-json\/wp\/v2\/media\/867"}],"wp:attachment":[{"href":"https:\/\/alasevtekstil.com\/en\/wp-json\/wp\/v2\/media?parent=1796"}],"wp:term":[{"taxonomy":"product_brand","embeddable":true,"href":"https:\/\/alasevtekstil.com\/en\/wp-json\/wp\/v2\/product_brand?post=1796"},{"taxonomy":"product_cat","embeddable":true,"href":"https:\/\/alasevtekstil.com\/en\/wp-json\/wp\/v2\/product_cat?post=1796"},{"taxonomy":"product_tag","embeddable":true,"href":"https:\/\/alasevtekstil.com\/en\/wp-json\/wp\/v2\/product_tag?post=1796"}],"curies":[{"name":"wp","href":"https:\/\/api.w.org\/{rel}","templated":true}]}}