{"id":1753,"date":"2024-08-16T14:53:07","date_gmt":"2024-08-16T11:53:07","guid":{"rendered":"https:\/\/alasevtekstil.com\/urun\/bohe-seyahat-makyaj-cantasi\/"},"modified":"2024-09-18T18:18:27","modified_gmt":"2024-09-18T15:18:27","slug":"bohe-travel-make-up-bag","status":"publish","type":"product","link":"https:\/\/alasevtekstil.com\/en\/urun\/bohe-travel-make-up-bag\/","title":{"rendered":"Bohe Travel Make-Up Bag"},"content":{"rendered":"<p>Evde, ofiste veya seyahat s\u0131ras\u0131nda makyaj malzemelerinizi d\u00fczenli ve ta\u015f\u0131nabilir tutman\u0131z\u0131 sa\u011flayan kompakt ve fonksiyonel bir \u00fcr\u00fcnd\u00fcr. Farkl\u0131 b\u00fcy\u00fckl\u00fckteki makyaj \u00fcr\u00fcnleri i\u00e7in d\u00fczenleyici cepler ve e\u015fyalar\u0131n\u0131z\u0131n g\u00fcvenli bir \u015fekilde saklanmas\u0131 i\u00e7in fermuarl\u0131 b\u00f6lme i\u00e7erir. \u015e\u0131k deri detayl\u0131 ta\u015f\u0131ma kulpu ile \u00e7antan\u0131z\u0131 rahat\u00e7a yan\u0131n\u0131zda ta\u015f\u0131yabilirsiniz.<\/p>\n","protected":false},"excerpt":{"rendered":"<p>Used as a large capacity travel makeup bag and men&#8217;s cosmetic bag.<br \/>\nDimension: 24x16x13 cm<\/p>\n","protected":false},"featured_media":657,"template":"","meta":[],"product_brand":[],"product_cat":[61,62],"product_tag":[],"class_list":{"0":"post-1753","1":"product","2":"type-product","3":"status-publish","4":"has-post-thumbnail","6":"product_cat-bags-en","7":"product_cat-travel-en","9":"first","10":"instock","11":"shipping-taxable","12":"product-type-simple"},"_links":{"self":[{"href":"https:\/\/alasevtekstil.com\/en\/wp-json\/wp\/v2\/product\/1753","targetHints":{"allow":["GET"]}}],"collection":[{"href":"https:\/\/alasevtekstil.com\/en\/wp-json\/wp\/v2\/product"}],"about":[{"href":"https:\/\/alasevtekstil.com\/en\/wp-json\/wp\/v2\/types\/product"}],"wp:featuredmedia":[{"embeddable":true,"href":"https:\/\/alasevtekstil.com\/en\/wp-json\/wp\/v2\/media\/657"}],"wp:attachment":[{"href":"https:\/\/alasevtekstil.com\/en\/wp-json\/wp\/v2\/media?parent=1753"}],"wp:term":[{"taxonomy":"product_brand","embeddable":true,"href":"https:\/\/alasevtekstil.com\/en\/wp-json\/wp\/v2\/product_brand?post=1753"},{"taxonomy":"product_cat","embeddable":true,"href":"https:\/\/alasevtekstil.com\/en\/wp-json\/wp\/v2\/product_cat?post=1753"},{"taxonomy":"product_tag","embeddable":true,"href":"https:\/\/alasevtekstil.com\/en\/wp-json\/wp\/v2\/product_tag?post=1753"}],"curies":[{"name":"wp","href":"https:\/\/api.w.org\/{rel}","templated":true}]}}