{"id":1752,"date":"2024-08-26T09:53:56","date_gmt":"2024-08-26T06:53:56","guid":{"rendered":"https:\/\/alasevtekstil.com\/urun\/bohe-ayakkabi-seyahat-cantasi\/"},"modified":"2024-09-18T18:14:29","modified_gmt":"2024-09-18T15:14:29","slug":"bohe-shoes-bag-with-handle","status":"publish","type":"product","link":"https:\/\/alasevtekstil.com\/en\/urun\/bohe-shoes-bag-with-handle\/","title":{"rendered":"Bohe Shoes Bag with Handle"},"content":{"rendered":"<p>Seyahat ederken veya kullanmad\u0131\u011f\u0131n\u0131z ayakkab\u0131lar\u0131n\u0131z\u0131 birden fazla b\u00f6lmesi sayesinde d\u00fczenli ve hijyenik bir \u015fekilde ta\u015f\u0131yabilir ve saklayabilirsiniz. Bohe Ayakkab\u0131 \u00c7antas\u0131yla ayakkab\u0131lar\u0131n\u0131z\u0131n bavulunuzda yer kaplamas\u0131n\u0131 \u00f6nleyebilirsiniz. Kullanmad\u0131\u011f\u0131n\u0131z zamanlarda yer kaplamadan saklayabilirsiniz. Birden fazla \u00e7ift ayakkab\u0131 ta\u015f\u0131yabilmeniz i\u00e7in \u00f6zel tasarlanm\u0131\u015f i\u00e7 b\u00f6lmeleri ve bavulunuzla beraber rahat ta\u015f\u0131yabilmeniz i\u00e7in \u00f6zel kulpu bulunmaktad\u0131r..<\/p>\n","protected":false},"excerpt":{"rendered":"<p>It protects your shoes from all kinds of external factors. It can be carried either by hand or by hanging it in a suitcase<br \/>\nDimension: 35x22x40 cm<\/p>\n","protected":false},"featured_media":743,"template":"","meta":[],"product_brand":[],"product_cat":[61,62],"product_tag":[],"class_list":{"0":"post-1752","1":"product","2":"type-product","3":"status-publish","4":"has-post-thumbnail","6":"product_cat-bags-en","7":"product_cat-travel-en","9":"first","10":"instock","11":"shipping-taxable","12":"product-type-simple"},"_links":{"self":[{"href":"https:\/\/alasevtekstil.com\/en\/wp-json\/wp\/v2\/product\/1752","targetHints":{"allow":["GET"]}}],"collection":[{"href":"https:\/\/alasevtekstil.com\/en\/wp-json\/wp\/v2\/product"}],"about":[{"href":"https:\/\/alasevtekstil.com\/en\/wp-json\/wp\/v2\/types\/product"}],"wp:featuredmedia":[{"embeddable":true,"href":"https:\/\/alasevtekstil.com\/en\/wp-json\/wp\/v2\/media\/743"}],"wp:attachment":[{"href":"https:\/\/alasevtekstil.com\/en\/wp-json\/wp\/v2\/media?parent=1752"}],"wp:term":[{"taxonomy":"product_brand","embeddable":true,"href":"https:\/\/alasevtekstil.com\/en\/wp-json\/wp\/v2\/product_brand?post=1752"},{"taxonomy":"product_cat","embeddable":true,"href":"https:\/\/alasevtekstil.com\/en\/wp-json\/wp\/v2\/product_cat?post=1752"},{"taxonomy":"product_tag","embeddable":true,"href":"https:\/\/alasevtekstil.com\/en\/wp-json\/wp\/v2\/product_tag?post=1752"}],"curies":[{"name":"wp","href":"https:\/\/api.w.org\/{rel}","templated":true}]}}