{"id":1747,"date":"2024-07-10T02:49:50","date_gmt":"2024-07-09T23:49:50","guid":{"rendered":"https:\/\/alasevtekstil.com\/urun\/bohe-yuv-torbali-sepet\/"},"modified":"2024-09-18T17:54:02","modified_gmt":"2024-09-18T14:54:02","slug":"bohe-round-basket-with-drawstring-cover","status":"publish","type":"product","link":"https:\/\/alasevtekstil.com\/en\/urun\/bohe-round-basket-with-drawstring-cover\/","title":{"rendered":"Bohe Round Basket with Drawstring Cover"},"content":{"rendered":"<p><span style=\"font-size: 85%;\">\u015e\u0131k tasar\u0131m\u0131 ve pratik kullan\u0131m\u0131yla evinize \u015f\u0131kl\u0131k ve d\u00fczen getirir. Yumu\u015fak kuma\u015f torbas\u0131 sayesinde, saklad\u0131\u011f\u0131n\u0131z e\u015fyalar\u0131n\u0131z\u0131 g\u00fcvenle muhafaza eder. \u00c7ama\u015f\u0131r, oyuncak, battaniye ya da g\u00fcnl\u00fck kullan\u0131lan di\u011fer e\u015fyalar\u0131n\u0131z\u0131 saklamak i\u00e7in m\u00fckemmel bir tercihtir. Estetik g\u00f6r\u00fcn\u00fcm\u00fc sayesinde salon, banyo, yatak odas\u0131 veya \u00e7ocuk odas\u0131 gibi farkl\u0131 alanlarda rahatl\u0131kla kullanabilirsiniz. Hem \u015f\u0131kl\u0131k hem de i\u015flevsellik sunan Bohe yuvarlak torbal\u0131 sepet, minimalist ve do\u011fal tarzlar\u0131 sevenler i\u00e7in ideal bir dekoratif bir \u00fcr\u00fcnd\u00fcr.<\/span><\/p>\n","protected":false},"excerpt":{"rendered":"<p><span style=\"font-size: 85%;\">It allows you to easily organize and store your belongings.<br \/>\nDiemension 35x35x50 cm<\/span><\/p>\n","protected":false},"featured_media":1322,"template":"","meta":[],"product_brand":[],"product_cat":[59],"product_tag":[],"class_list":{"0":"post-1747","1":"product","2":"type-product","3":"status-publish","4":"has-post-thumbnail","6":"product_cat-storage-basket-en","8":"first","9":"instock","10":"shipping-taxable","11":"product-type-simple"},"_links":{"self":[{"href":"https:\/\/alasevtekstil.com\/en\/wp-json\/wp\/v2\/product\/1747","targetHints":{"allow":["GET"]}}],"collection":[{"href":"https:\/\/alasevtekstil.com\/en\/wp-json\/wp\/v2\/product"}],"about":[{"href":"https:\/\/alasevtekstil.com\/en\/wp-json\/wp\/v2\/types\/product"}],"wp:featuredmedia":[{"embeddable":true,"href":"https:\/\/alasevtekstil.com\/en\/wp-json\/wp\/v2\/media\/1322"}],"wp:attachment":[{"href":"https:\/\/alasevtekstil.com\/en\/wp-json\/wp\/v2\/media?parent=1747"}],"wp:term":[{"taxonomy":"product_brand","embeddable":true,"href":"https:\/\/alasevtekstil.com\/en\/wp-json\/wp\/v2\/product_brand?post=1747"},{"taxonomy":"product_cat","embeddable":true,"href":"https:\/\/alasevtekstil.com\/en\/wp-json\/wp\/v2\/product_cat?post=1747"},{"taxonomy":"product_tag","embeddable":true,"href":"https:\/\/alasevtekstil.com\/en\/wp-json\/wp\/v2\/product_tag?post=1747"}],"curies":[{"name":"wp","href":"https:\/\/api.w.org\/{rel}","templated":true}]}}